{"id":236189,"date":"2021-08-10T13:38:06","date_gmt":"2021-08-10T11:38:06","guid":{"rendered":"https:\/\/marcbauer.org\/kogge\/?page_id=236189"},"modified":"2025-01-14T18:15:47","modified_gmt":"2025-01-14T17:15:47","slug":"feiern-tagungen","status":"publish","type":"page","link":"https:\/\/kogge-elsfleth.de\/en\/feiern-tagungen\/","title":{"rendered":"Celebrations &amp; Conferences"},"content":{"rendered":"<p>[et_pb_section fb_built=&#8220;1&#8243; admin_label=&#8220;Gallery&#8220; _builder_version=&#8220;4.16&#8243; custom_padding=&#8220;0px||0px|||&#8220; da_disable_devices=&#8220;off|off|off&#8220; collapsed=&#8220;off&#8220; global_colors_info=&#8220;{}&#8220; da_is_popup=&#8220;off&#8220; da_exit_intent=&#8220;off&#8220; da_has_close=&#8220;on&#8220; da_alt_close=&#8220;off&#8220; da_dark_close=&#8220;off&#8220; da_not_modal=&#8220;on&#8220; da_is_singular=&#8220;off&#8220; da_with_loader=&#8220;off&#8220; da_has_shadow=&#8220;on&#8220;][et_pb_row column_structure=&#8220;1_2,1_2&#8243; _builder_version=&#8220;4.16&#8243; custom_padding=&#8220;0px|||||&#8220; global_colors_info=&#8220;{}&#8220;][et_pb_column type=&#8220;1_2&#8243; _builder_version=&#8220;4.16&#8243; custom_padding=&#8220;||||false|false&#8220; box_shadow_style=&#8220;preset1&#8243; box_shadow_color=&#8220;rgba(85,101,112,0.08)&#8220; global_colors_info=&#8220;{}&#8220;][et_pb_image src=&#8220;https:\/\/kogge-elsfleth.de\/kogge\/wp-content\/uploads\/Kogge-Elsfleth-Hotel-Tagung.jpg&#8220; alt=&#8220;Kogge Restaurant Hotel Bar Elsfleth&#8220; title_text=&#8220;Kogge-Elsfleth-Hotel-Tagung&#8220; _builder_version=&#8220;4.16&#8243; custom_margin=&#8220;||||false|false&#8220; box_shadow_style=&#8220;preset3&#8243; box_shadow_color=&#8220;rgba(0,45,76,0.32)&#8220; global_colors_info=&#8220;{}&#8220;][\/et_pb_image][\/et_pb_column][et_pb_column type=&#8220;1_2&#8243; _builder_version=&#8220;4.16&#8243; custom_padding=&#8220;60px||||false|false&#8220; custom_padding_tablet=&#8220;0px||||false|false&#8220; custom_padding_phone=&#8220;&#8220; custom_padding_last_edited=&#8220;on|tablet&#8220; global_colors_info=&#8220;{}&#8220;][et_pb_text _builder_version=&#8220;4.27.4&#8243; text_font=&#8220;||||||||&#8220; text_text_color=&#8220;#123B6F&#8220; text_line_height=&#8220;1.8em&#8220; link_text_color=&#8220;#BA9E56&#8243; header_2_font=&#8220;-Playfair 700||||||||&#8220; header_2_text_color=&#8220;#002d4c&#8220; header_2_font_size=&#8220;56px&#8220; header_2_line_height=&#8220;1.1em&#8220; header_3_font=&#8220;Cabin|700||on|||||&#8220; header_3_text_color=&#8220;#bd8f52&#8243; header_3_font_size=&#8220;13px&#8220; header_3_letter_spacing=&#8220;3px&#8220; header_3_line_height=&#8220;1.4em&#8220; max_width=&#8220;36vw&#8220; max_width_tablet=&#8220;90%&#8220; max_width_phone=&#8220;100%&#8220; max_width_last_edited=&#8220;on|tablet&#8220; custom_margin=&#8220;||2vw||false|false&#8220; hover_enabled=&#8220;0&#8243; text_font_size_tablet=&#8220;16px&#8220; text_font_size_phone=&#8220;16px&#8220; text_font_size_last_edited=&#8220;on|phone&#8220; header_2_font_size_tablet=&#8220;44px&#8220; header_2_font_size_phone=&#8220;32px&#8220; header_2_font_size_last_edited=&#8220;on|tablet&#8220; locked=&#8220;off&#8220; global_colors_info=&#8220;{}&#8220; sticky_enabled=&#8220;0&#8243;]<\/p>\n<h2 style=\"text-align: left;\">Feiern in der Kogge \/\/<\/h2>\n<p style=\"text-align: justify;\"><span><\/span><\/p>\n<p style=\"text-align: justify;\">Zur Feier des Tages genau das Richtige:<\/p>\n<p style=\"text-align: justify;\">Ob Familienfeier, Hochzeit oder gesch\u00e4ftliche Veranstaltung \u2013 wir beraten Sie nicht nur gerne, sondern h\u00f6ren Ihnen noch lieber zu \u2013 damit uns keiner Ihrer W\u00fcnsche entgeht.<\/p>\n<p style=\"text-align: justify;\">Wir arrangieren f\u00fcr Sie Ihren besonderen Anlass im Restaurant oder bei Ihnen zu Haus. Ihre weitgereisten G\u00e4ste haben den Vorteil, dass Sie in unseren behaglichen Hotelzimmern mit allen Annehmlichkeiten \u00fcbernachten k\u00f6nnen.<\/p>\n<p style=\"text-align: justify;\"><a href=\"https:\/\/kogge-elsfleth.de\/kontakt\/\" title=\"Sprechen Sie uns gerne an.\">Sprechen Sie uns gerne an.<\/a><\/p>\n<p>[\/et_pb_text][\/et_pb_column][\/et_pb_row][\/et_pb_section][et_pb_section fb_built=&#8220;1&#8243; _builder_version=&#8220;4.16&#8243; _module_preset=&#8220;default&#8220; background_color=&#8220;RGBA(85,101,112,0.08)&#8220; custom_padding=&#8220;||0px|||&#8220; da_disable_devices=&#8220;off|off|off&#8220; locked=&#8220;off&#8220; global_colors_info=&#8220;{}&#8220; da_is_popup=&#8220;off&#8220; da_exit_intent=&#8220;off&#8220; da_has_close=&#8220;on&#8220; da_alt_close=&#8220;off&#8220; da_dark_close=&#8220;off&#8220; da_not_modal=&#8220;on&#8220; da_is_singular=&#8220;off&#8220; da_with_loader=&#8220;off&#8220; da_has_shadow=&#8220;on&#8220;][et_pb_row _builder_version=&#8220;4.16&#8243; _module_preset=&#8220;default&#8220; locked=&#8220;off&#8220; global_colors_info=&#8220;{}&#8220;][et_pb_column type=&#8220;4_4&#8243; _builder_version=&#8220;4.16&#8243; _module_preset=&#8220;default&#8220; global_colors_info=&#8220;{}&#8220;][et_pb_text _builder_version=&#8220;4.16&#8243; _module_preset=&#8220;default&#8220; header_font=&#8220;|800|||||||&#8220; header_font_size=&#8220;2.5em&#8220; header_letter_spacing=&#8220;0.6px&#8220; custom_padding=&#8220;||0px|||&#8220; global_colors_info=&#8220;{}&#8220;]<\/p>\n<h1 style=\"text-align: center;\">Eindr\u00fccke Feiern &amp; Tagungen &#8230;<\/h1>\n<p>[\/et_pb_text][\/et_pb_column][\/et_pb_row][et_pb_row column_structure=&#8220;1_3,1_3,1_3&#8243; _builder_version=&#8220;4.16&#8243; global_colors_info=&#8220;{}&#8220;][et_pb_column type=&#8220;1_3&#8243; _builder_version=&#8220;4.16&#8243; global_colors_info=&#8220;{}&#8220;][et_pb_image src=&#8220;https:\/\/kogge-elsfleth.de\/kogge\/wp-content\/uploads\/Kogge-Elsfleth-Hotel-Raum.jpg&#8220; alt=&#8220;Kogge Restaurant Hotel Bar Elsfleth Festlich&#8220; title_text=&#8220;Festlich Kogge Elsfleth&#8220; show_in_lightbox=&#8220;on&#8220; _builder_version=&#8220;4.16&#8243; custom_margin=&#8220;||50px||false|false&#8220; box_shadow_style=&#8220;preset3&#8243; box_shadow_color=&#8220;rgba(0,45,76,0.32)&#8220; global_colors_info=&#8220;{}&#8220;][\/et_pb_image][\/et_pb_column][et_pb_column type=&#8220;1_3&#8243; _builder_version=&#8220;4.16&#8243; global_colors_info=&#8220;{}&#8220;][et_pb_image src=&#8220;https:\/\/kogge-elsfleth.de\/kogge\/wp-content\/uploads\/Kogge-Elsfleth-Restaurant-Gedeck-rund.jpg&#8220; alt=&#8220;Festlich Rund Kogge Elsfleth&#8220; title_text=&#8220;Festlich Rund Kogge Elsfleth&#8220; show_in_lightbox=&#8220;on&#8220; _builder_version=&#8220;4.16&#8243; custom_margin=&#8220;||50px||false|false&#8220; box_shadow_style=&#8220;preset3&#8243; box_shadow_color=&#8220;rgba(0,45,76,0.32)&#8220; locked=&#8220;off&#8220; global_colors_info=&#8220;{}&#8220;][\/et_pb_image][\/et_pb_column][et_pb_column type=&#8220;1_3&#8243; _builder_version=&#8220;4.16&#8243; global_colors_info=&#8220;{}&#8220;][et_pb_image src=&#8220;https:\/\/kogge-elsfleth.de\/kogge\/wp-content\/uploads\/Kogge-Elsfleth-Feier-Raum.jpg&#8220; alt=&#8220;Kogge Restaurant Hotel Bar Elsfleth Festlich&#8220; title_text=&#8220;Festlich Kogge Elsfleth&#8220; show_in_lightbox=&#8220;on&#8220; _builder_version=&#8220;4.16&#8243; custom_margin=&#8220;||50px||false|false&#8220; box_shadow_style=&#8220;preset3&#8243; box_shadow_color=&#8220;rgba(0,45,76,0.32)&#8220; locked=&#8220;off&#8220; global_colors_info=&#8220;{}&#8220;][\/et_pb_image][\/et_pb_column][\/et_pb_row][\/et_pb_section]<\/p>\n","protected":false},"excerpt":{"rendered":"<p>Feiern in der Kogge \/\/ Zur Feier des Tages genau das Richtige: Ob Familienfeier, Hochzeit oder gesch\u00e4ftliche Veranstaltung \u2013 wir beraten Sie nicht nur gerne, sondern h\u00f6ren Ihnen noch lieber zu \u2013 damit uns keiner Ihrer W\u00fcnsche entgeht. Wir arrangieren f\u00fcr Sie Ihren besonderen Anlass im Restaurant oder bei Ihnen zu Haus. Ihre weitgereisten G\u00e4ste [&hellip;]<\/p>\n","protected":false},"author":1,"featured_media":0,"parent":0,"menu_order":0,"comment_status":"closed","ping_status":"closed","template":"","meta":{"_et_pb_use_builder":"on","_et_pb_old_content":"","_et_gb_content_width":"","footnotes":""},"class_list":["post-236189","page","type-page","status-publish","hentry"],"_links":{"self":[{"href":"https:\/\/kogge-elsfleth.de\/en\/wp-json\/wp\/v2\/pages\/236189","targetHints":{"allow":["GET"]}}],"collection":[{"href":"https:\/\/kogge-elsfleth.de\/en\/wp-json\/wp\/v2\/pages"}],"about":[{"href":"https:\/\/kogge-elsfleth.de\/en\/wp-json\/wp\/v2\/types\/page"}],"author":[{"embeddable":true,"href":"https:\/\/kogge-elsfleth.de\/en\/wp-json\/wp\/v2\/users\/1"}],"replies":[{"embeddable":true,"href":"https:\/\/kogge-elsfleth.de\/en\/wp-json\/wp\/v2\/comments?post=236189"}],"version-history":[{"count":0,"href":"https:\/\/kogge-elsfleth.de\/en\/wp-json\/wp\/v2\/pages\/236189\/revisions"}],"wp:attachment":[{"href":"https:\/\/kogge-elsfleth.de\/en\/wp-json\/wp\/v2\/media?parent=236189"}],"curies":[{"name":"wp","href":"https:\/\/api.w.org\/{rel}","templated":true}]}}