{"id":5966,"date":"2021-08-04T19:17:38","date_gmt":"2021-08-04T17:17:38","guid":{"rendered":"https:\/\/marcbauer.org\/kogge\/?page_id=5966"},"modified":"2021-08-04T19:17:38","modified_gmt":"2021-08-04T17:17:38","slug":"impressum","status":"publish","type":"page","link":"https:\/\/kogge-elsfleth.de\/en\/impressum\/","title":{"rendered":"Imprint"},"content":{"rendered":"<p>[et_pb_section fb_built=&#8220;1&#8243; admin_label=&#8220;Datenschutz&#8220; _builder_version=&#8220;4.9.10&#8243; custom_margin=&#8220;||0px||false|false&#8220; custom_padding=&#8220;||0px||false|false&#8220;][et_pb_row _builder_version=&#8220;4.9.10&#8243; custom_margin=&#8220;||||false|false&#8220; custom_padding=&#8220;||||false|false&#8220;][et_pb_column type=&#8220;4_4&#8243; _builder_version=&#8220;4.0.7&#8243;][et_pb_text _builder_version=&#8220;4.9.10&#8243; text_font=&#8220;Cabin||||||||&#8220; text_text_color=&#8220;rgba(85,101,112,0.8)&#8220; text_font_size=&#8220;16px&#8220; text_line_height=&#8220;1.8em&#8220; header_2_font=&#8220;Playfair Display|700|||||||&#8220; header_2_text_color=&#8220;#002d4c&#8220; header_2_font_size=&#8220;56px&#8220; header_2_line_height=&#8220;1.1em&#8220; header_3_font=&#8220;Cabin|700||on|||||&#8220; header_3_text_color=&#8220;#bd8f52&#8243; header_3_font_size=&#8220;13px&#8220; header_3_letter_spacing=&#8220;3px&#8220; header_3_line_height=&#8220;1.4em&#8220; max_width_tablet=&#8220;90%&#8220; max_width_phone=&#8220;100%&#8220; max_width_last_edited=&#8220;off|desktop&#8220; custom_margin=&#8220;||2vw||false|false&#8220; hover_enabled=&#8220;0&#8243; text_font_size_tablet=&#8220;15px&#8220; text_font_size_phone=&#8220;14px&#8220; text_font_size_last_edited=&#8220;on|phone&#8220; header_2_font_size_tablet=&#8220;44px&#8220; header_2_font_size_phone=&#8220;32px&#8220; header_2_font_size_last_edited=&#8220;on|tablet&#8220; locked=&#8220;off&#8220; sticky_enabled=&#8220;0&#8243;]<\/p>\n<h2>Impressum \/\/<\/h2>\n<p>[\/et_pb_text][et_pb_text _builder_version=&#8220;4.9.10&#8243; text_font=&#8220;Cabin||||||||&#8220; text_text_color=&#8220;rgba(85,101,112,0.8)&#8220; text_font_size=&#8220;16px&#8220; text_line_height=&#8220;1.8em&#8220; header_2_font=&#8220;Playfair Display|700|||||||&#8220; header_2_text_color=&#8220;#002d4c&#8220; header_2_font_size=&#8220;56px&#8220; header_2_line_height=&#8220;1.1em&#8220; header_3_font=&#8220;Cabin|700||on|||||&#8220; header_3_text_color=&#8220;#bd8f52&#8243; header_3_font_size=&#8220;13px&#8220; header_3_letter_spacing=&#8220;3px&#8220; header_3_line_height=&#8220;1.4em&#8220; max_width_tablet=&#8220;90%&#8220; max_width_phone=&#8220;100%&#8220; max_width_last_edited=&#8220;off|desktop&#8220; custom_margin=&#8220;||2vw||false|false&#8220; hover_enabled=&#8220;0&#8243; text_font_size_tablet=&#8220;15px&#8220; text_font_size_phone=&#8220;14px&#8220; text_font_size_last_edited=&#8220;on|phone&#8220; header_2_font_size_tablet=&#8220;44px&#8220; header_2_font_size_phone=&#8220;32px&#8220; header_2_font_size_last_edited=&#8220;on|tablet&#8220; locked=&#8220;off&#8220; sticky_enabled=&#8220;0&#8243;]<\/p>\n<header class=\"entry-header\"><\/header>\n<p style=\"text-align: justify;\">Restaurant &amp; Hotel Kogge GmbH<br \/>Rathausplatz 7<br \/>D-26931 Elsfleth<br \/><a title=\"Email an Restaurant &amp; Hotel Kogge\" href=\"mailto:info@kogge-elsfleth.de\" target=\"_blank\" rel=\"noopener\">info@kogge-elsfleth.de<\/a><\/p>\n<p style=\"text-align: justify;\">USt.-Nr.: 63\/200\/58017<br \/>Sitz: Elsfleth, Handelsregister Oldenburg HRB 3455<\/p>\n<p style=\"text-align: justify;\">Gesch\u00e4ftsf\u00fchrer: Jens Weinstock, Imke Janssen<\/p>\n<p style=\"text-align: justify;\"><strong>Haftungsausschluss<\/strong><\/p>\n<p style=\"text-align: justify;\">Inhalt des Onlineangebotes<br \/>Die Restaurant &amp; Hotel Kogge GmbH \u00fcbernimmt keinerlei Gew\u00e4hr f\u00fcr die Aktualit\u00e4t, Korrektheit, Vollst\u00e4ndigkeit oder Qualit\u00e4t der bereitgestellten Informationen. Haftungsanspr\u00fcche gegen die\u00a0 Restaurant &amp; Hotel Kogge GmbH, welche sich auf Sch\u00e4den materieller oder ideeller Art beziehen, die durch die Nutzung oder Nichtnutzung der angebotenen Informationen bzw. durch die Nutzung fehlerhafter und \/ oder unvollst\u00e4ndiger Informationen verursacht wurden, sind grunds\u00e4tzlich ausgeschlossen! Alle Angebote sind freibleibend und unverbindlich. Die\u00a0 Restaurant &amp; Hotel Kogge GmbH beh\u00e4lt sich ausdr\u00fccklich vor, Teile der Seiten oder das gesamte Angebot ohne vorherige Ank\u00fcndigung zu ver\u00e4ndern, zu erg\u00e4nzen, zu l\u00f6schen oder die Ver\u00f6ffentlichung zeitweise oder endg\u00fcltig einzustellen.<\/p>\n<p style=\"text-align: justify;\">Verweise und Links<br \/>Die\u00a0 Restaurant &amp; Hotel Kogge GmbH erkl\u00e4rt hiermit ausdr\u00fccklich, dass zum Zeitpunkt der Linksetzung keine illegalen Inhalte auf den verlinkten Seiten erkennbar waren. Auf die aktuelle und zuk\u00fcnftige Gestaltung, die Inhalte oder die Urheberschaft der gelinkten\/verkn\u00fcpften Seiten hat die Restaurant &amp; Hotel Kogge GmbH keinerlei Einfluss. Deshalb distanziert sie sich hiermit ausdr\u00fccklich von den Inhalten aller gelinkten\/verkn\u00fcpften Seiten, die nach der Linksetzung ver\u00e4ndert wurden. Die Distanzierung gilt generell f\u00fcr alle Seiten, die auf irgendeine Weise mit den Seiten der Restaurant &amp; Hotel Kogge GmbH verlinkt bzw. verkn\u00fcpft sind und eventuell gegen geltendes Recht, Sitte, Anstand oder Moral versto\u00dfen. F\u00fcr illegale, fehlerhafte oder unvollst\u00e4ndige Inhalte und insbesondere f\u00fcr Sch\u00e4den, die aus der Nutzung oder Nichtnutzung solcherart dargebotener Informationen entstehen, haftet alleine der Anbieter der Seite, auf welche verwiesen wird\/wurde, nicht jedoch derjenige, der \u00fcber Links auf die jeweilige Ver\u00f6ffentlichung hinweist. Ebenso hat die Restaurant &amp; Hotel Kogge GmbH keinen Einfluss auf den Inhalt von Seiten, bei denen mit Links fremde Webmaster auf das Onlineangebot der Restaurant &amp; Hotel Kogge GmbH verweisen.<\/p>\n<p style=\"text-align: justify;\">Urheber- und Kennzeichenrecht<br \/>Die\u00a0 Restaurant &amp; Hotel Kogge GmbH ist immer bestrebt, in allen Publikationen die Urheberrechte der verwendeten Grafiken, Tondokumente, Videosequenzen und Texte zu beachten, und auf von ihr selbst erstellte Grafiken, Tondokumente, Videosequenzen und Texte zur\u00fcckzugreifen. Alle innerhalb des Internetangebotes genannten und ggf. durch Dritte gesch\u00fctzten Marken- und Warenzeichen unterliegen uneingeschr\u00e4nkt den Bestimmungen des jeweils g\u00fcltigen Kennzeichnungsrechts und den Besitzrechten der jeweilig eingetragenen Eigent\u00fcmer. Die Restaurant &amp; Hotel Kogge GmbH verpflichtet sich, wenn trotz gr\u00f6\u00dfter Sorgfalt Grafiken, Tondokumente, Videosequenzen oder Texte mit Rechten Dritter verwendet wurden, diese umgehend zu entfernen. Hierzu ist allerdings eine Benennung der Dateien an den Webmaster erforderlich. Das Copyright f\u00fcr ver\u00f6ffentlichte, von der Restaurant &amp; Hotel Kogge GmbH selbst erstellte Objekte bleibt allein bei der Restaurant &amp; Hotel Kogge GmbH. Eine Vervielf\u00e4ltigung oder Verwendung solcher Grafiken, Tondokumente, Videosequenzen und Texte in anderen elektronischen oder gedruckten Publikationen ist ohne ausdr\u00fcckliche Zustimmung der Restaurant &amp; Hotel Kogge GmbH nicht gestattet.<\/p>\n<p>[\/et_pb_text][\/et_pb_column][\/et_pb_row][\/et_pb_section]<\/p>\n","protected":false},"excerpt":{"rendered":"<p>Impressum \/\/ Restaurant &amp; Hotel Kogge GmbHRathausplatz 7D-26931 Elsflethinfo@kogge-elsfleth.de USt.-Nr.: 63\/200\/58017Sitz: Elsfleth, Handelsregister Oldenburg HRB 3455 Gesch\u00e4ftsf\u00fchrer: Jens Weinstock, Imke Janssen Haftungsausschluss Inhalt des OnlineangebotesDie Restaurant &amp; Hotel Kogge GmbH \u00fcbernimmt keinerlei Gew\u00e4hr f\u00fcr die Aktualit\u00e4t, Korrektheit, Vollst\u00e4ndigkeit oder Qualit\u00e4t der bereitgestellten Informationen. Haftungsanspr\u00fcche gegen die\u00a0 Restaurant &amp; Hotel Kogge GmbH, welche sich auf Sch\u00e4den [&hellip;]<\/p>\n","protected":false},"author":1,"featured_media":0,"parent":0,"menu_order":0,"comment_status":"closed","ping_status":"closed","template":"","meta":{"_et_pb_use_builder":"on","_et_pb_old_content":"","_et_gb_content_width":"","footnotes":""},"class_list":["post-5966","page","type-page","status-publish","hentry"],"_links":{"self":[{"href":"https:\/\/kogge-elsfleth.de\/en\/wp-json\/wp\/v2\/pages\/5966","targetHints":{"allow":["GET"]}}],"collection":[{"href":"https:\/\/kogge-elsfleth.de\/en\/wp-json\/wp\/v2\/pages"}],"about":[{"href":"https:\/\/kogge-elsfleth.de\/en\/wp-json\/wp\/v2\/types\/page"}],"author":[{"embeddable":true,"href":"https:\/\/kogge-elsfleth.de\/en\/wp-json\/wp\/v2\/users\/1"}],"replies":[{"embeddable":true,"href":"https:\/\/kogge-elsfleth.de\/en\/wp-json\/wp\/v2\/comments?post=5966"}],"version-history":[{"count":0,"href":"https:\/\/kogge-elsfleth.de\/en\/wp-json\/wp\/v2\/pages\/5966\/revisions"}],"wp:attachment":[{"href":"https:\/\/kogge-elsfleth.de\/en\/wp-json\/wp\/v2\/media?parent=5966"}],"curies":[{"name":"wp","href":"https:\/\/api.w.org\/{rel}","templated":true}]}}