{"id":6112,"date":"2021-08-06T19:50:36","date_gmt":"2021-08-06T17:50:36","guid":{"rendered":"https:\/\/marcbauer.org\/kogge\/?page_id=6112"},"modified":"2025-01-13T14:13:02","modified_gmt":"2025-01-13T13:13:02","slug":"hotel","status":"publish","type":"page","link":"https:\/\/kogge-elsfleth.de\/en\/hotel\/","title":{"rendered":"Hotel"},"content":{"rendered":"<p>[et_pb_section fb_built=&#8220;1&#8243; admin_label=&#8220;Gallery&#8220; _builder_version=&#8220;4.16&#8243; custom_padding=&#8220;0px||0px|||&#8220; da_disable_devices=&#8220;off|off|off&#8220; collapsed=&#8220;off&#8220; global_colors_info=&#8220;{}&#8220; da_is_popup=&#8220;off&#8220; da_exit_intent=&#8220;off&#8220; da_has_close=&#8220;on&#8220; da_alt_close=&#8220;off&#8220; da_dark_close=&#8220;off&#8220; da_not_modal=&#8220;on&#8220; da_is_singular=&#8220;off&#8220; da_with_loader=&#8220;off&#8220; da_has_shadow=&#8220;on&#8220;][et_pb_row column_structure=&#8220;1_2,1_2&#8243; _builder_version=&#8220;4.16&#8243; custom_padding=&#8220;0px|||||&#8220; global_colors_info=&#8220;{}&#8220;][et_pb_column type=&#8220;1_2&#8243; _builder_version=&#8220;4.16&#8243; custom_padding=&#8220;||||false|false&#8220; box_shadow_style=&#8220;preset1&#8243; box_shadow_color=&#8220;rgba(85,101,112,0.08)&#8220; global_colors_info=&#8220;{}&#8220;][et_pb_image src=&#8220;https:\/\/kogge-elsfleth.de\/kogge\/wp-content\/uploads\/Kogge-Elsfleth-Hotel-Restaurant_Zimmer.jpg&#8220; alt=&#8220;Kogge Restaurant Hotel Bar Elsfleth Hotel&#8220; title_text=&#8220;Kogge-Elsfleth-Hotel-Restaurant_Zimmer&#8220; _builder_version=&#8220;4.18.0&#8243; custom_margin=&#8220;||||false|false&#8220; box_shadow_style=&#8220;preset3&#8243; box_shadow_color=&#8220;rgba(0,45,76,0.32)&#8220; global_colors_info=&#8220;{}&#8220;][\/et_pb_image][\/et_pb_column][et_pb_column type=&#8220;1_2&#8243; _builder_version=&#8220;4.16&#8243; custom_padding=&#8220;60px||||false|false&#8220; custom_padding_tablet=&#8220;0px||||false|false&#8220; custom_padding_phone=&#8220;&#8220; custom_padding_last_edited=&#8220;on|tablet&#8220; global_colors_info=&#8220;{}&#8220;][et_pb_text _builder_version=&#8220;4.27.4&#8243; text_font=&#8220;- Cabin 400||||||||&#8220; text_text_color=&#8220;#123B6F&#8220; text_letter_spacing=&#8220;0.5px&#8220; text_line_height=&#8220;1.8em&#8220; header_font=&#8220;-Playfair 700||||||||&#8220; header_2_font=&#8220;-Playfair 700||||||||&#8220; header_2_text_color=&#8220;#123B6F&#8220; header_2_font_size=&#8220;56px&#8220; header_2_line_height=&#8220;1.1em&#8220; header_3_font=&#8220;-Playfair 700|||on|||||&#8220; header_3_text_color=&#8220;#bd8f52&#8243; header_3_font_size=&#8220;13px&#8220; header_3_letter_spacing=&#8220;3px&#8220; header_3_line_height=&#8220;1.4em&#8220; max_width=&#8220;36vw&#8220; max_width_tablet=&#8220;90%&#8220; max_width_phone=&#8220;100%&#8220; max_width_last_edited=&#8220;on|desktop&#8220; custom_margin=&#8220;||0px||false|false&#8220; custom_padding=&#8220;||||false|false&#8220; hover_enabled=&#8220;0&#8243; text_font_size_tablet=&#8220;16px&#8220; text_font_size_phone=&#8220;16px&#8220; text_font_size_last_edited=&#8220;on|phone&#8220; header_2_font_size_tablet=&#8220;44px&#8220; header_2_font_size_phone=&#8220;32px&#8220; header_2_font_size_last_edited=&#8220;on|tablet&#8220; locked=&#8220;off&#8220; global_colors_info=&#8220;{}&#8220; sticky_enabled=&#8220;0&#8243;]<\/p>\n<h2 style=\"text-align: justify;\">Hotel \/\/<\/h2>\n<p style=\"text-align: justify;\"><span><\/span><\/p>\n<p style=\"text-align: justify;\">Zentral wohnen mit dem Komfort von 3 Sternen Superior \u2013 wenn Sie das Traditionelle sch\u00e4tzen, Historisches bewundern und dennoch modernen Hotelkomfort erwarten \u2013 dann liegen Sie bei uns am Rathausplatz richtig.<\/p>\n<p style=\"text-align: justify;\">Das harmonische Arrangement der Einrichtung ist ganz auf das Wohlbehagen des Gastes abgestimmt und so zeigt sich in jedem Detail der maritime Charme des Restaurant und Hotel Kogge.<\/p>\n<p style=\"text-align: justify;\">Genie\u00dfen Sie die moderne Ausstattung unseres Hauses in einem der 9 Doppel- oder in unserem Einbettzimmer, erfreuen Sie sich an einem gem\u00fctlichen Ambiente, komfortabel mit TV, Telefon, Dusche oder Badewanne, WC und F\u00f6n ausgestattet ist. Selbstverst\u00e4ndlich ist der WLAN-Zugang im Preis enthalten.<span><\/span><\/p>\n<p style=\"text-align: justify;\">Hier k\u00f6nnen Sie Ihr Zimmer online buchen:<\/p>\n<p style=\"text-align: justify;\"><strong><\/strong><\/p>\n<p>[\/et_pb_text][et_pb_button button_url=&#8220;https:\/\/via.eviivo.com\/HotelKogge26931&#8243; url_new_window=&#8220;on&#8220; button_text=&#8220;Zimmer online buchen&#8220; button_alignment=&#8220;left&#8220; _builder_version=&#8220;4.27.4&#8243; custom_button=&#8220;on&#8220; button_text_size=&#8220;13px&#8220; button_bg_color=&#8220;#BA9E56&#8243; button_border_width=&#8220;2px&#8220; button_border_color=&#8220;#BA9E56&#8243; button_border_radius=&#8220;0px&#8220; button_letter_spacing=&#8220;2px&#8220; button_font=&#8220;-Cabin 600|||on|||||&#8220; button_use_icon=&#8220;off&#8220; background_layout=&#8220;dark&#8220; custom_margin=&#8220;||1vw||false|false&#8220; custom_padding=&#8220;16px|24px|16px|24px|true|true&#8220; custom_padding_tablet=&#8220;||||false|true&#8220; custom_padding_phone=&#8220;24px||24px||true|true&#8220; custom_padding_last_edited=&#8220;off|tablet&#8220; box_shadow_style=&#8220;preset7&#8243; box_shadow_horizontal=&#8220;0px&#8220; box_shadow_vertical=&#8220;0px&#8220; box_shadow_spread=&#8220;2px&#8220; box_shadow_color=&#8220;#ffffff&#8220; locked=&#8220;off&#8220; global_colors_info=&#8220;{}&#8220; box_shadow_spread__hover_enabled=&#8220;on|hover&#8220; box_shadow_spread__hover=&#8220;6px&#8220; button_border_color__hover_enabled=&#8220;on|hover&#8220; button_border_color__hover=&#8220;#d1d1d1&#8243;][\/et_pb_button][\/et_pb_column][\/et_pb_row][\/et_pb_section][et_pb_section fb_built=&#8220;1&#8243; _builder_version=&#8220;4.27.4&#8243; _module_preset=&#8220;default&#8220; background_color=&#8220;RGBA(85,101,112,0.08)&#8220; da_disable_devices=&#8220;off|off|off&#8220; global_colors_info=&#8220;{}&#8220; da_is_popup=&#8220;off&#8220; da_exit_intent=&#8220;off&#8220; da_has_close=&#8220;on&#8220; da_alt_close=&#8220;off&#8220; da_dark_close=&#8220;off&#8220; da_not_modal=&#8220;on&#8220; da_is_singular=&#8220;off&#8220; da_with_loader=&#8220;off&#8220; da_has_shadow=&#8220;on&#8220;][et_pb_row column_structure=&#8220;1_3,1_3,1_3&#8243; _builder_version=&#8220;4.27.4&#8243; _module_preset=&#8220;default&#8220; custom_margin=&#8220;||||false|false&#8220; custom_padding=&#8220;0px||0px||false|false&#8220; global_colors_info=&#8220;{}&#8220;][et_pb_column type=&#8220;1_3&#8243; _builder_version=&#8220;4.16&#8243; _module_preset=&#8220;default&#8220; global_colors_info=&#8220;{}&#8220;][et_pb_text _builder_version=&#8220;4.27.4&#8243; _module_preset=&#8220;default&#8220; text_font=&#8220;- Cabin 400||||||||&#8220; custom_padding=&#8220;||0px||false|false&#8220; hover_enabled=&#8220;0&#8243; global_colors_info=&#8220;{}&#8220; text_font_size_last_edited=&#8220;on|phone&#8220; sticky_enabled=&#8220;0&#8243;]<\/p>\n<p style=\"text-align: left;\"><strong>ZIMMERPREISE<\/strong><\/p>\n<p>Einzelzimmer Komfort ab \u20ac 82,00*<br \/>Einzelzimmer Superior ab \u20ac 85,00*<br \/>Doppelzimmer Komfort ab \u20ac 112,00*<br \/>Doppelzimmer Superior ab \u20ac 117,00*<br \/>Dreibett-Zimmer:\u00a0\u20ac 130,00*<\/p>\n<p>Fr\u00fchst\u00fcck: \u20ac 15,00 p.P.<\/p>\n<p><em>*(inkl. MwSt.)<\/em><\/p>\n<p>[\/et_pb_text][\/et_pb_column][et_pb_column type=&#8220;1_3&#8243; _builder_version=&#8220;4.16&#8243; _module_preset=&#8220;default&#8220; global_colors_info=&#8220;{}&#8220;][et_pb_text _builder_version=&#8220;4.27.4&#8243; _module_preset=&#8220;default&#8220; text_font=&#8220;- Cabin 400||||||||&#8220; global_colors_info=&#8220;{}&#8220;]<\/p>\n<p style=\"text-align: left;\"><strong>HAUSTIERE<\/strong><\/p>\n<p style=\"text-align: left;\">Ihre Hunde sind bei uns als G\u00e4ste ebenfalls herzlich Willkommen und k\u00f6nnen mit in\u00a0 Zimmern 12 f\u00fcr \u20ac 35,- pro Tier \/ \u00dcbernachtung untergebracht werden.<\/p>\n<p>[\/et_pb_text][\/et_pb_column][et_pb_column type=&#8220;1_3&#8243; _builder_version=&#8220;4.16&#8243; _module_preset=&#8220;default&#8220; global_colors_info=&#8220;{}&#8220;][et_pb_text _builder_version=&#8220;4.27.4&#8243; _module_preset=&#8220;default&#8220; text_font=&#8220;- Cabin 400||||||||&#8220; global_colors_info=&#8220;{}&#8220;]<\/p>\n<p style=\"text-align: left;\"><strong>PARKEN<\/strong><\/p>\n<p style=\"text-align: left;\">Es stehen Ihnen kostenlose Hotelparkpl\u00e4tze zur Verf\u00fcgung und Ihr Fahrrad kann ebenfalls sicher untergestellt werden.<\/p>\n<p>[\/et_pb_text][\/et_pb_column][\/et_pb_row][\/et_pb_section][et_pb_section fb_built=&#8220;1&#8243; _builder_version=&#8220;4.27.4&#8243; _module_preset=&#8220;default&#8220; custom_padding=&#8220;||||false|false&#8220; da_disable_devices=&#8220;off|off|off&#8220; locked=&#8220;off&#8220; global_colors_info=&#8220;{}&#8220; da_is_popup=&#8220;off&#8220; da_exit_intent=&#8220;off&#8220; da_has_close=&#8220;on&#8220; da_alt_close=&#8220;off&#8220; da_dark_close=&#8220;off&#8220; da_not_modal=&#8220;on&#8220; da_is_singular=&#8220;off&#8220; da_with_loader=&#8220;off&#8220; da_has_shadow=&#8220;on&#8220;][et_pb_row _builder_version=&#8220;4.16&#8243; _module_preset=&#8220;default&#8220; locked=&#8220;off&#8220; global_colors_info=&#8220;{}&#8220;][et_pb_column type=&#8220;4_4&#8243; _builder_version=&#8220;4.16&#8243; _module_preset=&#8220;default&#8220; global_colors_info=&#8220;{}&#8220;][et_pb_text _builder_version=&#8220;4.18.0&#8243; _module_preset=&#8220;default&#8220; text_font=&#8220;-Cabin 600||||||||&#8220; header_font=&#8220;-Playfair 700||||||||&#8220; header_font_size=&#8220;2em&#8220; header_letter_spacing=&#8220;0.6px&#8220; custom_padding=&#8220;||0px|||&#8220; global_colors_info=&#8220;{}&#8220;]<\/p>\n<h1 style=\"text-align: center;\">Eindr\u00fccke aus unserem Hotel &#8230; \/\/<\/h1>\n<p>[\/et_pb_text][\/et_pb_column][\/et_pb_row][et_pb_row _builder_version=&#8220;4.27.4&#8243; global_colors_info=&#8220;{}&#8220;][et_pb_column type=&#8220;4_4&#8243; _builder_version=&#8220;4.16&#8243; global_colors_info=&#8220;{}&#8220;][et_pb_gallery gallery_ids=&#8220;237990,237986,237987,237988,237991,237992,237994,237997,237998,237995,237996,237999&#8243; posts_number=&#8220;12&#8243; show_title_and_caption=&#8220;off&#8220; zoom_icon_color=&#8220;#FFFFFF&#8220; hover_overlay_color=&#8220;rgba(186,158,86,0.5)&#8220; hover_icon=&#8220;&#x54;||divi||400&#8243; _builder_version=&#8220;4.27.4&#8243; _module_preset=&#8220;default&#8220; pagination_font=&#8220;||||||||&#8220; pagination_text_align=&#8220;center&#8220; pagination_text_color=&#8220;#123B6F&#8220; border_width_all_image=&#8220;1px&#8220; border_color_all_image=&#8220;#123B6F&#8220; box_shadow_style_image=&#8220;preset1&#8243; global_colors_info=&#8220;{}&#8220;][\/et_pb_gallery][\/et_pb_column][\/et_pb_row][\/et_pb_section]<\/p>\n","protected":false},"excerpt":{"rendered":"<p>Hotel \/\/ Zentral wohnen mit dem Komfort von 3 Sternen Superior \u2013 wenn Sie das Traditionelle sch\u00e4tzen, Historisches bewundern und dennoch modernen Hotelkomfort erwarten \u2013 dann liegen Sie bei uns am Rathausplatz richtig. Das harmonische Arrangement der Einrichtung ist ganz auf das Wohlbehagen des Gastes abgestimmt und so zeigt sich in jedem Detail der maritime [&hellip;]<\/p>\n","protected":false},"author":1,"featured_media":0,"parent":0,"menu_order":0,"comment_status":"closed","ping_status":"closed","template":"","meta":{"_et_pb_use_builder":"on","_et_pb_old_content":"","_et_gb_content_width":"","footnotes":""},"class_list":["post-6112","page","type-page","status-publish","hentry"],"_links":{"self":[{"href":"https:\/\/kogge-elsfleth.de\/en\/wp-json\/wp\/v2\/pages\/6112","targetHints":{"allow":["GET"]}}],"collection":[{"href":"https:\/\/kogge-elsfleth.de\/en\/wp-json\/wp\/v2\/pages"}],"about":[{"href":"https:\/\/kogge-elsfleth.de\/en\/wp-json\/wp\/v2\/types\/page"}],"author":[{"embeddable":true,"href":"https:\/\/kogge-elsfleth.de\/en\/wp-json\/wp\/v2\/users\/1"}],"replies":[{"embeddable":true,"href":"https:\/\/kogge-elsfleth.de\/en\/wp-json\/wp\/v2\/comments?post=6112"}],"version-history":[{"count":0,"href":"https:\/\/kogge-elsfleth.de\/en\/wp-json\/wp\/v2\/pages\/6112\/revisions"}],"wp:attachment":[{"href":"https:\/\/kogge-elsfleth.de\/en\/wp-json\/wp\/v2\/media?parent=6112"}],"curies":[{"name":"wp","href":"https:\/\/api.w.org\/{rel}","templated":true}]}}