{"id":6119,"date":"2021-08-06T20:02:44","date_gmt":"2021-08-06T18:02:44","guid":{"rendered":"https:\/\/marcbauer.org\/kogge\/?page_id=6119"},"modified":"2025-05-02T10:34:17","modified_gmt":"2025-05-02T08:34:17","slug":"ueber-uns","status":"publish","type":"page","link":"https:\/\/kogge-elsfleth.de\/en\/ueber-uns\/","title":{"rendered":"About us"},"content":{"rendered":"<p>[et_pb_section fb_built=&#8220;1&#8243; specialty=&#8220;on&#8220; background_color_1=&#8220;RGBA(255,255,255,0)&#8220; background_color_2=&#8220;RGBA(255,255,255,0)&#8220; padding_top_1=&#8220;0px&#8220; padding_top_2=&#8220;0px&#8220; padding_top_bottom_link_1=&#8220;false&#8220; padding_top_bottom_link_2=&#8220;false&#8220; padding_left_right_link_1=&#8220;false&#8220; padding_left_right_link_2=&#8220;false&#8220; admin_label=&#8220;Section&#8220; _builder_version=&#8220;4.18.0&#8243; _module_preset=&#8220;default&#8220; background_color=&#8220;#FFFFFF&#8220; background_image=&#8220;https:\/\/kogge-elsfleth.de\/kogge\/wp-content\/uploads\/kogge-elsflet-trenner.jpg&#8220; background_size=&#8220;custom&#8220; background_image_width=&#8220;30%&#8220; background_position=&#8220;top_left&#8220; background_horizontal_offset=&#8220;0%&#8220; custom_padding=&#8220;0px||||false|false&#8220; da_disable_devices=&#8220;off|off|off&#8220; global_colors_info=&#8220;{}&#8220; da_is_popup=&#8220;off&#8220; da_exit_intent=&#8220;off&#8220; da_has_close=&#8220;on&#8220; da_alt_close=&#8220;off&#8220; da_dark_close=&#8220;off&#8220; da_not_modal=&#8220;on&#8220; da_is_singular=&#8220;off&#8220; da_with_loader=&#8220;off&#8220; da_has_shadow=&#8220;on&#8220;][et_pb_column type=&#8220;1_2&#8243; _builder_version=&#8220;4.16&#8243; custom_padding=&#8220;|||&#8220; global_colors_info=&#8220;{}&#8220; custom_padding__hover=&#8220;|||&#8220;][et_pb_image src=&#8220;https:\/\/kogge-elsfleth.de\/kogge\/wp-content\/uploads\/kogge-elsfleth-crew-mitarbeiter-ueber-uns.jpg&#8220; title_text=&#8220;Kogge Elsfleth Mitarbeiter Crew&#8220; _builder_version=&#8220;4.27.4&#8243; _module_preset=&#8220;default&#8220; hover_enabled=&#8220;0&#8243; global_colors_info=&#8220;{}&#8220; alt=&#8220;Kogge Elsfleth Mitarbeiter Crew&#8220; sticky_enabled=&#8220;0&#8243;][\/et_pb_image][\/et_pb_column][et_pb_column type=&#8220;1_2&#8243; specialty_columns=&#8220;2&#8243; _builder_version=&#8220;4.16&#8243; custom_padding=&#8220;|||&#8220; global_colors_info=&#8220;{}&#8220; custom_padding__hover=&#8220;|||&#8220;][et_pb_row_inner custom_padding_last_edited=&#8220;on|phone&#8220; _builder_version=&#8220;4.27.4&#8243; _module_preset=&#8220;default&#8220; z_index=&#8220;10&#8243; custom_padding=&#8220;5vw|60px|5vw|60px|true|true&#8220; custom_padding_tablet=&#8220;|0px|5vw|0px|false|true&#8220; custom_padding_phone=&#8220;|0px||0px|false|true&#8220; box_shadow_style=&#8220;preset4&#8243; box_shadow_horizontal=&#8220;30vw&#8220; box_shadow_vertical=&#8220;0px&#8220; box_shadow_color=&#8220;#ffffff&#8220; global_colors_info=&#8220;{}&#8220;][et_pb_column_inner saved_specialty_column_type=&#8220;1_2&#8243; _builder_version=&#8220;4.17.6&#8243; _module_preset=&#8220;default&#8220; global_colors_info=&#8220;{}&#8220;][et_pb_text _builder_version=&#8220;4.27.4&#8243; text_font=&#8220;- Cabin 400||||||||&#8220; text_text_color=&#8220;#123B6F&#8220; text_letter_spacing=&#8220;0.5px&#8220; text_line_height=&#8220;1.8em&#8220; header_font=&#8220;-Playfair 700||||||||&#8220; header_text_color=&#8220;#123B6F&#8220; header_font_size=&#8220;50px&#8220; header_line_height=&#8220;1.1em&#8220; header_3_font=&#8220;-Playfair 700|||on|||||&#8220; header_3_text_color=&#8220;#bd8f52&#8243; header_3_font_size=&#8220;13px&#8220; header_3_letter_spacing=&#8220;3px&#8220; header_3_line_height=&#8220;1.4em&#8220; header_4_font=&#8220;-Playfair 700||on||||||&#8220; header_4_letter_spacing=&#8220;1px&#8220; header_4_line_height=&#8220;2.5em&#8220; header_6_font=&#8220;-Playfair 700||||||||&#8220; header_6_font_size=&#8220;18px&#8220; max_width=&#8220;36vw&#8220; max_width_tablet=&#8220;90%&#8220; max_width_phone=&#8220;100%&#8220; max_width_last_edited=&#8220;on|tablet&#8220; custom_margin=&#8220;||||false|false&#8220; text_font_size_tablet=&#8220;16px&#8220; text_font_size_phone=&#8220;16px&#8220; text_font_size_last_edited=&#8220;on|phone&#8220; header_font_size_tablet=&#8220;52px&#8220; header_font_size_phone=&#8220;38px&#8220; header_font_size_last_edited=&#8220;on|desktop&#8220; locked=&#8220;off&#8220; global_colors_info=&#8220;{}&#8220;]<\/p>\n<h1>\u00dcber uns \/\/<\/h1>\n<p style=\"text-align: justify;\">Seit September 2013 f\u00fchren wir mit Freude das Restaurant und Hotel Kogge im Herzen der maritimen und charmanten Stadt Elsfleth. Wir legen gro\u00dfen Wert darauf, dass Sie sich in der Kogge wohlf\u00fchlen und nach einem Besuch bei uns wunschlos gl\u00fccklich sind! Ob Sie im sch\u00f6nen Landkreis Wesermarsch leben, gesch\u00e4ftlich unterwegs sind, Urlaub mit dem Fahrrad oder Boot machen \u2013 ein Besuch bei uns lohnt den Weg.<\/p>\n<p style=\"text-align: justify;\"><strong>Wir freuen uns, Sie begr\u00fc\u00dfen zu d\u00fcrfen.<\/strong><\/p>\n<p>[\/et_pb_text][\/et_pb_column_inner][\/et_pb_row_inner][\/et_pb_column][\/et_pb_section][et_pb_section fb_built=&#8220;1&#8243; custom_padding_last_edited=&#8220;off|phone&#8220; admin_label=&#8220;Menu&#8220; _builder_version=&#8220;4.27.4&#8243; background_color=&#8220;RGBA(255,255,255,0)&#8220; background_image=&#8220;https:\/\/marcbauer.org\/kogge\/wp-content\/uploads\/Kogge-Hotel-Restaurant-geschichte-bg-1.png&#8220; background_size=&#8220;contain&#8220; custom_margin=&#8220;||||false|false&#8220; custom_padding=&#8220;0px||||false|false&#8220; da_disable_devices=&#8220;off|off|off&#8220; locked=&#8220;off&#8220; global_colors_info=&#8220;{}&#8220; da_is_popup=&#8220;off&#8220; da_exit_intent=&#8220;off&#8220; da_has_close=&#8220;on&#8220; da_alt_close=&#8220;off&#8220; da_dark_close=&#8220;off&#8220; da_not_modal=&#8220;on&#8220; da_is_singular=&#8220;off&#8220; da_with_loader=&#8220;off&#8220; da_has_shadow=&#8220;on&#8220;][et_pb_row _builder_version=&#8220;4.16&#8243; global_colors_info=&#8220;{}&#8220;][et_pb_column type=&#8220;4_4&#8243; _builder_version=&#8220;4.16&#8243; global_colors_info=&#8220;{}&#8220;][et_pb_text _builder_version=&#8220;4.18.0&#8243; text_font=&#8220;- Cabin 400||||||||&#8220; text_text_color=&#8220;rgba(85,101,112,0.8)&#8220; text_line_height=&#8220;1.8em&#8220; header_font=&#8220;-Playfair 700||||||||&#8220; header_2_font=&#8220;-Playfair 700||||||||&#8220; header_2_text_color=&#8220;#123B6F&#8220; header_2_font_size=&#8220;56px&#8220; header_2_line_height=&#8220;1.1em&#8220; header_3_font=&#8220;-Playfair 700|||on|||||&#8220; header_3_text_color=&#8220;#bd8f52&#8243; header_3_font_size=&#8220;13px&#8220; header_3_letter_spacing=&#8220;3px&#8220; header_3_line_height=&#8220;1.4em&#8220; text_orientation=&#8220;center&#8220; max_width_tablet=&#8220;90%&#8220; max_width_phone=&#8220;100%&#8220; max_width_last_edited=&#8220;off|desktop&#8220; custom_margin=&#8220;||||false|false&#8220; text_font_size_tablet=&#8220;15px&#8220; text_font_size_phone=&#8220;14px&#8220; text_font_size_last_edited=&#8220;on|phone&#8220; header_2_font_size_tablet=&#8220;44px&#8220; header_2_font_size_phone=&#8220;32px&#8220; header_2_font_size_last_edited=&#8220;on|tablet&#8220; locked=&#8220;off&#8220; global_colors_info=&#8220;{}&#8220; header_2_2_font_size_phone=&#8220;32px&#8220; header_3_2_font_size_phone=&#8220;32px&#8220; header_4_2_font_size_phone=&#8220;32px&#8220; header_5_2_font_size_phone=&#8220;32px&#8220; header_6_2_font_size_phone=&#8220;32px&#8220; header_2_2_font_size_tablet=&#8220;44px&#8220; header_3_2_font_size_tablet=&#8220;44px&#8220; header_4_2_font_size_tablet=&#8220;44px&#8220; header_5_2_font_size_tablet=&#8220;44px&#8220; header_6_2_font_size_tablet=&#8220;44px&#8220; header_2_2_font_size_last_edited=&#8220;on|tablet&#8220; header_3_2_font_size_last_edited=&#8220;on|tablet&#8220; header_4_2_font_size_last_edited=&#8220;on|tablet&#8220; header_5_2_font_size_last_edited=&#8220;on|tablet&#8220; header_6_2_font_size_last_edited=&#8220;on|tablet&#8220;]<\/p>\n<h2 style=\"text-align: left;\">Geschichte des Hauses \/\/<\/h2>\n<p>[\/et_pb_text][\/et_pb_column][\/et_pb_row][et_pb_row column_structure=&#8220;1_3,1_3,1_3&#8243; use_custom_gutter=&#8220;on&#8220; gutter_width=&#8220;1&#8243; _builder_version=&#8220;4.16&#8243; global_colors_info=&#8220;{}&#8220;][et_pb_column type=&#8220;1_3&#8243; _builder_version=&#8220;4.16&#8243; custom_padding=&#8220;|30px|||false|false&#8220; global_colors_info=&#8220;{}&#8220;][et_pb_text _builder_version=&#8220;4.18.0&#8243; text_font=&#8220;-Cabin 600|700|||||||&#8220; text_text_color=&#8220;#BA9E56&#8243; text_letter_spacing=&#8220;1px&#8220; text_line_height=&#8220;1.8em&#8220; header_font=&#8220;-Playfair 700||||||||&#8220; header_text_color=&#8220;#BA9E56&#8243; header_font_size=&#8220;1.5em&#8220; header_3_font=&#8220;-Playfair 700||||||||&#8220; header_3_text_color=&#8220;#002d4c&#8220; header_3_font_size=&#8220;36px&#8220; header_3_line_height=&#8220;1.1em&#8220; text_orientation=&#8220;center&#8220; custom_margin=&#8220;||10px||false|false&#8220; custom_padding=&#8220;||||false|false&#8220; locked=&#8220;off&#8220; global_colors_info=&#8220;{}&#8220; text_text_color__hover=&#8220;#ffffff&#8220; text_text_color__hover_enabled=&#8220;off|desktop&#8220;]<\/p>\n<h1>Seefahrtschule Elsfleth<\/h1>\n<p>[\/et_pb_text][et_pb_text _builder_version=&#8220;4.27.4&#8243; text_font=&#8220;- Cabin 400||||||||&#8220; text_text_color=&#8220;#123B6F&#8220; text_letter_spacing=&#8220;0.5px&#8220; text_line_height=&#8220;1.8em&#8220; header_font=&#8220;-Playfair 700||||||||&#8220; header_4_font=&#8220;-Playfair 700|700|||||||&#8220; header_4_text_color=&#8220;#002d4c&#8220; header_4_font_size=&#8220;26px&#8220; header_4_line_height=&#8220;1.1em&#8220; text_orientation=&#8220;center&#8220; max_width=&#8220;400px&#8220; max_width_tablet=&#8220;90%&#8220; max_width_phone=&#8220;100%&#8220; max_width_last_edited=&#8220;off|desktop&#8220; module_alignment=&#8220;center&#8220; custom_margin=&#8220;||16px||false|false&#8220; text_font_size_tablet=&#8220;16px&#8220; text_font_size_phone=&#8220;16px&#8220; text_font_size_last_edited=&#8220;on|phone&#8220; header_4_font_size_tablet=&#8220;&#8220; header_4_font_size_phone=&#8220;20px&#8220; header_4_font_size_last_edited=&#8220;on|phone&#8220; locked=&#8220;off&#8220; global_colors_info=&#8220;{}&#8220; text_text_color__hover=&#8220;#ffffff&#8220; text_text_color__hover_enabled=&#8220;off|desktop&#8220;]<\/p>\n<p style=\"text-align: justify;\"><span>Die Geschichte dieses maritimen Hauses ist untrennbar mit der Geschichte Elsfleths verkn\u00fcpft. Elsfleth ist die drittgr\u00f6\u00dfte Kommune der Wesermarsch und einer der \u00e4ltesten Orte an der Unterweser. Vor allem der Zusammenfluss von Weser und Hunte und die N\u00e4he zur Nordsee pr\u00e4destinierten Elsfleth fr\u00fch zur Schifffahrt und zum Schiffbau. Auch heute noch ist die Stadt eng mit der Seefahrt und der Ausbildung des maritimen Nachwuchses verbunden. Aus der 1832 gegr\u00fcndeten Navigationsschule wurde sp\u00e4ter die Seefahrtsschule Elsfleth, die heute als Fachbereich Seefahrt der Jade Hochschule Wilhelmshaven \/ Oldenburg \/ Elsfleth angegliedert ist. An diesem Standort kann mittlerweile ebenso Internationales Transportmanagement, Maritime Management und Seeverkehrs- und Hafenwirtschaft studiert werden.<\/span><\/p>\n<p>[\/et_pb_text][et_pb_image src=&#8220;https:\/\/kogge-elsfleth.de\/kogge\/wp-content\/uploads\/Kogge-Elsfleth-Geschichte-Takelag.jpg&#8220; alt=&#8220;Kogge Restaurant Hotel Bar Elsfleth Mast&#8220; title_text=&#8220;Kogge-Elsfleth-Geschichte-Takelag&#8220; align=&#8220;center&#8220; _builder_version=&#8220;4.17.6&#8243; custom_margin=&#8220;|-20px||-20px|false|true&#8220; custom_padding=&#8220;||0px|||&#8220; global_colors_info=&#8220;{}&#8220;][\/et_pb_image][\/et_pb_column][et_pb_column type=&#8220;1_3&#8243; _builder_version=&#8220;4.16&#8243; custom_padding=&#8220;|30px||30px|false|true&#8220; global_colors_info=&#8220;{}&#8220;][et_pb_text _builder_version=&#8220;4.17.6&#8243; text_font=&#8220;-Cabin 600|700|||||||&#8220; text_text_color=&#8220;#BA9E56&#8243; text_letter_spacing=&#8220;1px&#8220; text_line_height=&#8220;1.8em&#8220; header_font=&#8220;-Playfair 700||||||||&#8220; header_text_color=&#8220;#BA9E56&#8243; header_font_size=&#8220;1.5em&#8220; header_3_font=&#8220;-Playfair 700||||||||&#8220; header_3_text_color=&#8220;#002d4c&#8220; header_3_font_size=&#8220;36px&#8220; header_3_line_height=&#8220;1.1em&#8220; text_orientation=&#8220;center&#8220; custom_margin=&#8220;||10px||false|false&#8220; custom_padding=&#8220;||||false|false&#8220; locked=&#8220;off&#8220; global_colors_info=&#8220;{}&#8220; text_text_color__hover=&#8220;#ffffff&#8220; text_text_color__hover_enabled=&#8220;off|desktop&#8220;]<\/p>\n<h1><span>Haus Visurgis<\/span><\/h1>\n<p>[\/et_pb_text][et_pb_image src=&#8220;https:\/\/kogge-elsfleth.de\/kogge\/wp-content\/uploads\/Kogge-Elsfleth-Geschichte-Seil.jpg&#8220; alt=&#8220;Kogge Restaurant Hotel Bar Elsfleth Tauwerk&#8220; title_text=&#8220;Kogge-Elsfleth-Geschichte-Seil&#8220; align=&#8220;center&#8220; _builder_version=&#8220;4.17.6&#8243; custom_margin=&#8220;|-20px||-20px|false|true&#8220; global_colors_info=&#8220;{}&#8220;][\/et_pb_image][et_pb_text _builder_version=&#8220;4.16&#8243; text_font=&#8220;- Cabin 400||||||||&#8220; text_text_color=&#8220;#123B6F&#8220; text_letter_spacing=&#8220;0.5px&#8220; text_line_height=&#8220;1.8em&#8220; header_font=&#8220;-Playfair 700||||||||&#8220; header_4_font=&#8220;-Playfair 700|700|||||||&#8220; header_4_text_color=&#8220;#002d4c&#8220; header_4_font_size=&#8220;26px&#8220; header_4_line_height=&#8220;1.1em&#8220; text_orientation=&#8220;center&#8220; max_width=&#8220;400px&#8220; module_alignment=&#8220;center&#8220; custom_margin=&#8220;||16px||false|false&#8220; text_font_size_tablet=&#8220;16px&#8220; text_font_size_phone=&#8220;16px&#8220; text_font_size_last_edited=&#8220;on|phone&#8220; header_4_font_size_tablet=&#8220;&#8220; header_4_font_size_phone=&#8220;20px&#8220; header_4_font_size_last_edited=&#8220;on|phone&#8220; locked=&#8220;off&#8220; global_colors_info=&#8220;{}&#8220; text_text_color__hover=&#8220;#ffffff&#8220; text_text_color__hover_enabled=&#8220;off|desktop&#8220;]<\/p>\n<p style=\"text-align: justify;\"><span>Aus der maritimen Tradition heraus lag es nahe, dass im Jahre 1904 einige damalige Navigationssch\u00fcler die Nautische Verbindung Visurgis gr\u00fcndeten, um Gemeinsamkeiten zu pflegen und auch den Mitgliedern der Verbindung ein Anlaufpunkt zu sein, um Gemeinsames mit Freude am Leben zu erhalten, selbst wenn man das aktive Gesch\u00e4ft der Seefahrt l\u00e4ngst hinter sich gelassen hatte. Dieser Verein, der die Kameradschaft pflegte und sowohl die Heiterkeit als auch den Ernst des Berufes gro\u00dfschrieb, wurde bald zu einem bedeutenden Faktor im gesellschaftlichen Leben der Stadt. Die Mitglieder des Vereins w\u00e4hlten das damalige \u201eHaus Visurgis\u201c als Vereinshaus und nutzen seither das Restaurant f\u00fcr ihre Treffen, Veranstaltungen und Festlichkeiten.<\/span><\/p>\n<p>[\/et_pb_text][\/et_pb_column][et_pb_column type=&#8220;1_3&#8243; _builder_version=&#8220;4.16&#8243; custom_padding=&#8220;|30px||30px|false|true&#8220; global_colors_info=&#8220;{}&#8220;][et_pb_text _builder_version=&#8220;4.17.6&#8243; text_font=&#8220;-Cabin 600|700|||||||&#8220; text_text_color=&#8220;#BA9E56&#8243; text_letter_spacing=&#8220;1px&#8220; text_line_height=&#8220;1.8em&#8220; header_font=&#8220;-Playfair 700||||||||&#8220; header_text_color=&#8220;#BA9E56&#8243; header_font_size=&#8220;1.5em&#8220; header_3_font=&#8220;-Playfair 700||||||||&#8220; header_3_text_color=&#8220;#002d4c&#8220; header_3_font_size=&#8220;36px&#8220; header_3_line_height=&#8220;1.1em&#8220; text_orientation=&#8220;center&#8220; custom_margin=&#8220;||10px||false|false&#8220; custom_padding=&#8220;||||false|false&#8220; locked=&#8220;off&#8220; global_colors_info=&#8220;{}&#8220; text_text_color__hover=&#8220;#ffffff&#8220; text_text_color__hover_enabled=&#8220;off|desktop&#8220;]<\/p>\n<h1><span>Alle zwei Stunden Shanty<\/span><\/h1>\n<p>[\/et_pb_text][et_pb_text _builder_version=&#8220;4.16&#8243; text_font=&#8220;- Cabin 400||||||||&#8220; text_text_color=&#8220;#123B6F&#8220; text_letter_spacing=&#8220;0.5px&#8220; text_line_height=&#8220;1.8em&#8220; header_font=&#8220;-Playfair 700||||||||&#8220; header_4_font=&#8220;-Playfair 700|700|||||||&#8220; header_4_text_color=&#8220;#002d4c&#8220; header_4_font_size=&#8220;26px&#8220; header_4_line_height=&#8220;1.1em&#8220; text_orientation=&#8220;center&#8220; max_width=&#8220;400px&#8220; module_alignment=&#8220;center&#8220; custom_margin=&#8220;||16px||false|false&#8220; text_font_size_tablet=&#8220;16px&#8220; text_font_size_phone=&#8220;16px&#8220; text_font_size_last_edited=&#8220;on|phone&#8220; header_4_font_size_tablet=&#8220;&#8220; header_4_font_size_phone=&#8220;20px&#8220; header_4_font_size_last_edited=&#8220;on|phone&#8220; locked=&#8220;off&#8220; global_colors_info=&#8220;{}&#8220; text_text_color__hover=&#8220;#ffffff&#8220; text_text_color__hover_enabled=&#8220;off|desktop&#8220;]<\/p>\n<p style=\"text-align: justify;\"><span>Das Haus selbst hat eine der sch\u00f6nsten Sehensw\u00fcrdigkeiten zu bieten: Die Uhr, die in Verbindung mit dem Glockenspiel jeden Tag ein Schauspiel f\u00fcr Auge und Ohr ist. Im Jahr 1988 entdeckte Renate Janssen das verrostete Zifferblatt mit den Uhrzeigern, das die bis 1871 bestehende Seefahrtschule besessen hatte, in Oberhammelwarden. Sie erwarb das gute St\u00fcck f\u00fcr einen Preis von 500 DM. Nach der Restauration und dem Einbau eines automatischen Uhrenwerks durch die Uhrenbaufirma Hemmer aus Bruchhausen-Vilsen wurde die in neuem Glanz erstrahlende Uhr am Haus Visurgis angebracht und um ein Glockenspiel erweitert, welches seither ab 8.00 Uhr alle zwei Stunden mit einem Shanty ert\u00f6nt. Jede halbe und jede volle Stunde erklingt zudem das Anschlagen einer Schiffsglocke. Die Stifterfamilie und Reederei H. W. Janssen m\u00f6chte damit ihren Dank gegen\u00fcber der Kameradschaft Visurgis zum Ausdruck bringen: \u201eSeit\u00a0 Bestehen der Nautischen Kameradschaft Visurgis erhielt sie zu den Seeleuten in der ganzen Welt die Verbindung aufrecht. Damit festigte sie die Kameradschaft und das \u201eZugeh\u00f6rigkeitsgef\u00fchl zu Elsfleth.\u201c<\/span><\/p>\n<p>[\/et_pb_text][et_pb_image src=&#8220;https:\/\/kogge-elsfleth.de\/kogge\/wp-content\/uploads\/Kogge-Elsfleth-Geschichte_II.jpg&#8220; alt=&#8220;Kogge Restaurant Hotel Bar Elsfleth Uhr&#8220; title_text=&#8220;Kogge-Elsfleth-Geschichte_Shanty&#8220; align=&#8220;center&#8220; _builder_version=&#8220;4.17.6&#8243; custom_margin=&#8220;|-20px||-20px|false|true&#8220; global_colors_info=&#8220;{}&#8220;][\/et_pb_image][\/et_pb_column][\/et_pb_row][\/et_pb_section]<\/p>\n","protected":false},"excerpt":{"rendered":"<p>\u00dcber uns \/\/ Seit September 2013 f\u00fchren wir mit Freude das Restaurant und Hotel Kogge im Herzen der maritimen und charmanten Stadt Elsfleth. Wir legen gro\u00dfen Wert darauf, dass Sie sich in der Kogge wohlf\u00fchlen und nach einem Besuch bei uns wunschlos gl\u00fccklich sind! Ob Sie im sch\u00f6nen Landkreis Wesermarsch leben, gesch\u00e4ftlich unterwegs sind, Urlaub [&hellip;]<\/p>\n","protected":false},"author":1,"featured_media":0,"parent":0,"menu_order":0,"comment_status":"closed","ping_status":"closed","template":"","meta":{"_et_pb_use_builder":"on","_et_pb_old_content":"","_et_gb_content_width":"","footnotes":""},"class_list":["post-6119","page","type-page","status-publish","hentry"],"_links":{"self":[{"href":"https:\/\/kogge-elsfleth.de\/en\/wp-json\/wp\/v2\/pages\/6119","targetHints":{"allow":["GET"]}}],"collection":[{"href":"https:\/\/kogge-elsfleth.de\/en\/wp-json\/wp\/v2\/pages"}],"about":[{"href":"https:\/\/kogge-elsfleth.de\/en\/wp-json\/wp\/v2\/types\/page"}],"author":[{"embeddable":true,"href":"https:\/\/kogge-elsfleth.de\/en\/wp-json\/wp\/v2\/users\/1"}],"replies":[{"embeddable":true,"href":"https:\/\/kogge-elsfleth.de\/en\/wp-json\/wp\/v2\/comments?post=6119"}],"version-history":[{"count":0,"href":"https:\/\/kogge-elsfleth.de\/en\/wp-json\/wp\/v2\/pages\/6119\/revisions"}],"wp:attachment":[{"href":"https:\/\/kogge-elsfleth.de\/en\/wp-json\/wp\/v2\/media?parent=6119"}],"curies":[{"name":"wp","href":"https:\/\/api.w.org\/{rel}","templated":true}]}}