{"id":6126,"date":"2021-08-06T20:27:23","date_gmt":"2021-08-06T18:27:23","guid":{"rendered":"https:\/\/marcbauer.org\/kogge\/?page_id=6126"},"modified":"2026-03-31T08:14:19","modified_gmt":"2026-03-31T06:14:19","slug":"karriere","status":"publish","type":"page","link":"https:\/\/kogge-elsfleth.de\/en\/karriere\/","title":{"rendered":"Jobs"},"content":{"rendered":"<p>[et_pb_section fb_built=&#8220;1&#8243; specialty=&#8220;on&#8220; background_color_1=&#8220;RGBA(255,255,255,0)&#8220; background_color_2=&#8220;RGBA(255,255,255,0)&#8220; padding_top_1=&#8220;0px&#8220; padding_top_2=&#8220;0px&#8220; padding_top_bottom_link_1=&#8220;false&#8220; padding_top_bottom_link_2=&#8220;false&#8220; padding_left_right_link_1=&#8220;false&#8220; padding_left_right_link_2=&#8220;false&#8220; admin_label=&#8220;Section&#8220; _builder_version=&#8220;4.18.0&#8243; _module_preset=&#8220;default&#8220; background_color=&#8220;#FFFFFF&#8220; background_image=&#8220;https:\/\/kogge-elsfleth.de\/kogge\/wp-content\/uploads\/kogge-elsflet-trenner.jpg&#8220; background_size=&#8220;custom&#8220; background_image_width=&#8220;30%&#8220; background_position=&#8220;top_left&#8220; background_horizontal_offset=&#8220;0%&#8220; custom_padding=&#8220;0px||0px||false|false&#8220; da_disable_devices=&#8220;off|off|off&#8220; locked=&#8220;off&#8220; global_colors_info=&#8220;{}&#8220; da_is_popup=&#8220;off&#8220; da_exit_intent=&#8220;off&#8220; da_has_close=&#8220;on&#8220; da_alt_close=&#8220;off&#8220; da_dark_close=&#8220;off&#8220; da_not_modal=&#8220;on&#8220; da_is_singular=&#8220;off&#8220; da_with_loader=&#8220;off&#8220; da_has_shadow=&#8220;on&#8220;][et_pb_column type=&#8220;1_2&#8243; _builder_version=&#8220;4.16&#8243; custom_padding=&#8220;|||&#8220; global_colors_info=&#8220;{}&#8220; custom_padding__hover=&#8220;|||&#8220;][et_pb_image src=&#8220;https:\/\/kogge-elsfleth.de\/kogge\/wp-content\/uploads\/kogge-elsfleth-crew-mitarbeiter-ueber-uns.jpg&#8220; alt=&#8220;Kogge Elsfleth Mitarbeiter Crew&#8220; title_text=&#8220;Kogge Elsfleth Mitarbeiter Crew&#8220; _builder_version=&#8220;4.27.4&#8243; _module_preset=&#8220;default&#8220; global_colors_info=&#8220;{}&#8220;][\/et_pb_image][\/et_pb_column][et_pb_column type=&#8220;1_2&#8243; specialty_columns=&#8220;2&#8243; _builder_version=&#8220;4.16&#8243; custom_padding=&#8220;|||&#8220; global_colors_info=&#8220;{}&#8220; custom_padding__hover=&#8220;|||&#8220;][et_pb_row_inner custom_padding_last_edited=&#8220;on|phone&#8220; _builder_version=&#8220;4.27.4&#8243; _module_preset=&#8220;default&#8220; z_index=&#8220;10&#8243; custom_padding=&#8220;5vw|60px|5vw|60px|true|true&#8220; custom_padding_tablet=&#8220;|0px|5vw|0px|false|true&#8220; custom_padding_phone=&#8220;|0px||0px|false|true&#8220; box_shadow_style=&#8220;preset4&#8243; box_shadow_horizontal=&#8220;30vw&#8220; box_shadow_vertical=&#8220;0px&#8220; box_shadow_color=&#8220;#ffffff&#8220; global_colors_info=&#8220;{}&#8220;][et_pb_column_inner saved_specialty_column_type=&#8220;1_2&#8243; _builder_version=&#8220;4.17.6&#8243; _module_preset=&#8220;default&#8220; global_colors_info=&#8220;{}&#8220;][et_pb_text _builder_version=&#8220;4.27.4&#8243; text_font=&#8220;- Cabin 400||||||||&#8220; text_text_color=&#8220;#123B6F&#8220; text_letter_spacing=&#8220;0.5px&#8220; text_line_height=&#8220;1.8em&#8220; header_font=&#8220;-Playfair 700||||||||&#8220; header_text_color=&#8220;#123B6F&#8220; header_font_size=&#8220;50px&#8220; header_line_height=&#8220;1.1em&#8220; header_3_font=&#8220;-Playfair 700|||on|||||&#8220; header_3_text_color=&#8220;#bd8f52&#8243; header_3_font_size=&#8220;13px&#8220; header_3_letter_spacing=&#8220;3px&#8220; header_3_line_height=&#8220;1.4em&#8220; header_4_font=&#8220;-Playfair 700||on||||||&#8220; header_4_letter_spacing=&#8220;1px&#8220; header_4_line_height=&#8220;2.5em&#8220; header_6_font=&#8220;-Playfair 700||||||||&#8220; header_6_font_size=&#8220;18px&#8220; max_width=&#8220;36vw&#8220; max_width_tablet=&#8220;90%&#8220; max_width_phone=&#8220;100%&#8220; max_width_last_edited=&#8220;on|tablet&#8220; custom_margin=&#8220;||||false|false&#8220; text_font_size_tablet=&#8220;16px&#8220; text_font_size_phone=&#8220;16px&#8220; text_font_size_last_edited=&#8220;on|phone&#8220; header_font_size_tablet=&#8220;52px&#8220; header_font_size_phone=&#8220;38px&#8220; header_font_size_last_edited=&#8220;on|desktop&#8220; locked=&#8220;off&#8220; global_colors_info=&#8220;{}&#8220;]<\/p>\n<h1>Ihre Karriere in der Kogge \/\/<\/h1>\n<p style=\"text-align: justify;\">Sie suchen eine neue Herausforderung im ersten Haus am Platz, in einem dynamischen Team?<\/p>\n<p>[\/et_pb_text][\/et_pb_column_inner][\/et_pb_row_inner][\/et_pb_column][\/et_pb_section][et_pb_section fb_built=&#8220;1&#8243; admin_label=&#8220;About&#8220; _builder_version=&#8220;4.16&#8243; da_disable_devices=&#8220;off|off|off&#8220; global_colors_info=&#8220;{}&#8220; da_is_popup=&#8220;off&#8220; da_exit_intent=&#8220;off&#8220; da_has_close=&#8220;on&#8220; da_alt_close=&#8220;off&#8220; da_dark_close=&#8220;off&#8220; da_not_modal=&#8220;on&#8220; da_is_singular=&#8220;off&#8220; da_with_loader=&#8220;off&#8220; da_has_shadow=&#8220;on&#8220;][et_pb_row _builder_version=&#8220;4.27.6&#8243; custom_padding=&#8220;0px|||||&#8220; hover_enabled=&#8220;0&#8243; global_colors_info=&#8220;{}&#8220; disabled_on=&#8220;off|off|off&#8220; sticky_enabled=&#8220;0&#8243;][et_pb_column type=&#8220;4_4&#8243; _builder_version=&#8220;4.16&#8243; global_colors_info=&#8220;{}&#8220;][et_pb_text disabled_on=&#8220;off|off|off&#8220; _builder_version=&#8220;4.27.6&#8243; text_font=&#8220;- Cabin 400||||||||&#8220; text_text_color=&#8220;#123B6F&#8220; text_line_height=&#8220;1.8em&#8220; link_font=&#8220;-Cabin 600||||||||&#8220; link_text_color=&#8220;#123B6F&#8220; header_font=&#8220;-Cabin 600||||||||&#8220; header_2_font=&#8220;-Cabin 600||||||||&#8220; header_2_text_color=&#8220;#002d4c&#8220; header_2_font_size=&#8220;3.5em&#8220; header_2_line_height=&#8220;1.1em&#8220; header_3_font=&#8220;- Cabin 400|||on|||||&#8220; header_3_text_color=&#8220;#bd8f52&#8243; header_3_font_size=&#8220;1.75em&#8220; header_3_letter_spacing=&#8220;3px&#8220; header_3_line_height=&#8220;1.4em&#8220; header_4_font=&#8220;-Cabin 600||||||||&#8220; header_4_letter_spacing=&#8220;0.5px&#8220; max_width_tablet=&#8220;90%&#8220; max_width_phone=&#8220;100%&#8220; max_width_last_edited=&#8220;off|desktop&#8220; custom_margin=&#8220;||2vw||false|false&#8220; hover_enabled=&#8220;0&#8243; text_font_size_tablet=&#8220;16px&#8220; text_font_size_phone=&#8220;16px&#8220; text_font_size_last_edited=&#8220;on|phone&#8220; header_2_font_size_tablet=&#8220;2.5em&#8220; header_2_font_size_phone=&#8220;32px&#8220; header_2_font_size_last_edited=&#8220;on|tablet&#8220; header_3_font_size_tablet=&#8220;1.75em&#8220; header_3_font_size_phone=&#8220;1.75em&#8220; header_3_font_size_last_edited=&#8220;on|phone&#8220; locked=&#8220;off&#8220; global_colors_info=&#8220;{}&#8220; link_text_color__hover_enabled=&#8220;on|hover&#8220; link_text_color__hover=&#8220;#BA9E56&#8243; sticky_enabled=&#8220;0&#8243;]<\/p>\n<h3>Werden Sie Teil unseres Erfolges!<\/h3>\n<p>Wir suchen f\u00fcr unser Hotel und Restaurant Unterst\u00fctzung im:<\/p>\n<div class=\"headline-jobs\">\n<h2>Housekeeping<\/h2>\n<p class=\"hochgestellt\">(m\/w\/d)<\/p>\n<\/div>\n<h4>in Teilzeit.<\/h4>\n<p>&nbsp;<\/p>\n<p>Wir suchen tatkr\u00e4ftige Unterst\u00fctzung f\u00fcr die Reinigung und Herrichtung unserer Hotelzimmer und den Hotelbereich zu Anfang \/ Mitte Mai.<\/p>\n<p>Zu Ihren Aufgaben geh\u00f6ren:<\/p>\n<p>\u2022 Reinigung der Zimmer und Hotelbereich<br \/>\u2022 Zusammenarbeit mit Rezeption und Haustechnik<br \/>\u2022 Unterst\u00fctzung zur Organisation der W\u00e4scheverwaltung<\/p>\n<p>Wir bieten Ihnen bei einem wertsch\u00e4tzenden Gehalt die M\u00f6glichkeit, Ihr volles Potenzial zu zeigen. Ihre Motivation bereichert die Zusammenarbeit im Team, um unseren G\u00e4sten einen angenehmen Aufenthalt zu bieten.<\/p>\n<p>&nbsp;<\/p>\n<p>Fr\u00fchester Beginn der T\u00e4tigkeit: 01.05.2026<br \/>Arbeitszeit: Teilzeit (Vormittag)<br \/>Befristung: Unbefristetes Arbeitsverh\u00e4ltnis<\/p>\n<p>[\/et_pb_text][et_pb_text disabled_on=&#8220;off|off|off&#8220; _builder_version=&#8220;4.27.6&#8243; text_font=&#8220;- Cabin 400||||||||&#8220; text_text_color=&#8220;#123B6F&#8220; text_line_height=&#8220;1.8em&#8220; link_font=&#8220;-Cabin 600||||||||&#8220; link_text_color=&#8220;#123B6F&#8220; header_font=&#8220;-Cabin 600||||||||&#8220; header_2_font=&#8220;-Cabin 600||||||||&#8220; header_2_text_color=&#8220;#002d4c&#8220; header_2_font_size=&#8220;56px&#8220; header_2_line_height=&#8220;1.1em&#8220; header_3_font=&#8220;- Cabin 400|||on|||||&#8220; header_3_text_color=&#8220;#bd8f52&#8243; header_3_font_size=&#8220;16px&#8220; header_3_letter_spacing=&#8220;3px&#8220; header_3_line_height=&#8220;1.4em&#8220; header_4_font=&#8220;-Cabin 600||||||||&#8220; header_4_letter_spacing=&#8220;0.5px&#8220; max_width_tablet=&#8220;90%&#8220; max_width_phone=&#8220;100%&#8220; max_width_last_edited=&#8220;off|desktop&#8220; custom_margin=&#8220;||2vw||false|false&#8220; hover_enabled=&#8220;0&#8243; text_font_size_tablet=&#8220;16px&#8220; text_font_size_phone=&#8220;16px&#8220; text_font_size_last_edited=&#8220;on|phone&#8220; header_2_font_size_tablet=&#8220;44px&#8220; header_2_font_size_phone=&#8220;32px&#8220; header_2_font_size_last_edited=&#8220;on|tablet&#8220; locked=&#8220;off&#8220; global_colors_info=&#8220;{}&#8220; link_text_color__hover_enabled=&#8220;on|hover&#8220; link_text_color__hover=&#8220;#BA9E56&#8243; sticky_enabled=&#8220;0&#8243;]<\/p>\n<p><strong>Wir freuen uns auf Ihre Bewerbung an:<\/strong><\/p>\n<p>Restaurant &amp; Hotel Kogge GmbH<br \/>Herr Jens Weinstock<br \/>Rathausplatz 7<br \/>26931 Elsfleth<\/p>\n<p>per Email an: <a href=\"mailto:karriere@kogge-elsfleth.de\" target=\"_blank\" rel=\"noopener\">karriere@kogge-elsfleth.de<\/a><\/p>\n<p>oder pers\u00f6nlich bei Herrn Jens Weinstock im Restaurant.<\/p>\n<p>[\/et_pb_text][\/et_pb_column][\/et_pb_row][et_pb_row _builder_version=&#8220;4.27.6&#8243; custom_padding=&#8220;0px|||||&#8220; hover_enabled=&#8220;0&#8243; global_colors_info=&#8220;{}&#8220; disabled_on=&#8220;on|on|on&#8220; disabled=&#8220;on&#8220; sticky_enabled=&#8220;0&#8243;][et_pb_column type=&#8220;4_4&#8243; _builder_version=&#8220;4.16&#8243; global_colors_info=&#8220;{}&#8220;][et_pb_text _builder_version=&#8220;4.27.4&#8243; text_font=&#8220;- Cabin 400||||||||&#8220; text_text_color=&#8220;#123B6F&#8220; text_line_height=&#8220;1.8em&#8220; link_font=&#8220;-Cabin 600||||||||&#8220; link_text_color=&#8220;#123B6F&#8220; header_font=&#8220;-Cabin 600||||||||&#8220; header_2_font=&#8220;-Cabin 600||||||||&#8220; header_2_text_color=&#8220;#002d4c&#8220; header_2_font_size=&#8220;3.5em&#8220; header_2_line_height=&#8220;1.1em&#8220; header_3_font=&#8220;- Cabin 400|||on|||||&#8220; header_3_text_color=&#8220;#bd8f52&#8243; header_3_font_size=&#8220;1.75em&#8220; header_3_letter_spacing=&#8220;3px&#8220; header_3_line_height=&#8220;1.4em&#8220; header_4_font=&#8220;-Cabin 600||||||||&#8220; header_4_letter_spacing=&#8220;0.5px&#8220; max_width_tablet=&#8220;90%&#8220; max_width_phone=&#8220;100%&#8220; max_width_last_edited=&#8220;off|desktop&#8220; custom_margin=&#8220;||2vw||false|false&#8220; hover_enabled=&#8220;0&#8243; text_font_size_tablet=&#8220;16px&#8220; text_font_size_phone=&#8220;16px&#8220; text_font_size_last_edited=&#8220;on|phone&#8220; header_2_font_size_tablet=&#8220;2.5em&#8220; header_2_font_size_phone=&#8220;32px&#8220; header_2_font_size_last_edited=&#8220;on|tablet&#8220; header_3_font_size_tablet=&#8220;1.75em&#8220; header_3_font_size_phone=&#8220;1.75em&#8220; header_3_font_size_last_edited=&#8220;on|phone&#8220; locked=&#8220;off&#8220; global_colors_info=&#8220;{}&#8220; link_text_color__hover_enabled=&#8220;on|hover&#8220; link_text_color__hover=&#8220;#BA9E56&#8243; sticky_enabled=&#8220;0&#8243;]<\/p>\n<h3>Derzeit sind alle unsere Stellen besetzt!<\/h3>\n<p>[\/et_pb_text][\/et_pb_column][\/et_pb_row][\/et_pb_section]<\/p>\n","protected":false},"excerpt":{"rendered":"<p>Ihre Karriere in der Kogge \/\/ Sie suchen eine neue Herausforderung im ersten Haus am Platz, in einem dynamischen Team?Werden Sie Teil unseres Erfolges! Wir suchen f\u00fcr unser Hotel und Restaurant Unterst\u00fctzung im: Housekeeping (m\/w\/d) in Teilzeit. &nbsp; Wir suchen tatkr\u00e4ftige Unterst\u00fctzung f\u00fcr die Reinigung und Herrichtung unserer Hotelzimmer und den Hotelbereich zu Anfang \/ [&hellip;]<\/p>\n","protected":false},"author":1,"featured_media":0,"parent":0,"menu_order":0,"comment_status":"closed","ping_status":"closed","template":"","meta":{"_et_pb_use_builder":"on","_et_pb_old_content":"","_et_gb_content_width":"","footnotes":""},"class_list":["post-6126","page","type-page","status-publish","hentry"],"_links":{"self":[{"href":"https:\/\/kogge-elsfleth.de\/en\/wp-json\/wp\/v2\/pages\/6126","targetHints":{"allow":["GET"]}}],"collection":[{"href":"https:\/\/kogge-elsfleth.de\/en\/wp-json\/wp\/v2\/pages"}],"about":[{"href":"https:\/\/kogge-elsfleth.de\/en\/wp-json\/wp\/v2\/types\/page"}],"author":[{"embeddable":true,"href":"https:\/\/kogge-elsfleth.de\/en\/wp-json\/wp\/v2\/users\/1"}],"replies":[{"embeddable":true,"href":"https:\/\/kogge-elsfleth.de\/en\/wp-json\/wp\/v2\/comments?post=6126"}],"version-history":[{"count":2,"href":"https:\/\/kogge-elsfleth.de\/en\/wp-json\/wp\/v2\/pages\/6126\/revisions"}],"predecessor-version":[{"id":238557,"href":"https:\/\/kogge-elsfleth.de\/en\/wp-json\/wp\/v2\/pages\/6126\/revisions\/238557"}],"wp:attachment":[{"href":"https:\/\/kogge-elsfleth.de\/en\/wp-json\/wp\/v2\/media?parent=6126"}],"curies":[{"name":"wp","href":"https:\/\/api.w.org\/{rel}","templated":true}]}}